{"id":11446,"date":"2025-10-08T12:32:11","date_gmt":"2025-10-08T10:32:11","guid":{"rendered":"https:\/\/diversityhub.pl\/our-offer\/dei-training\/inclusive-recruitment\/"},"modified":"2025-10-09T12:14:24","modified_gmt":"2025-10-09T10:14:24","slug":"inclusive-recruitment","status":"publish","type":"page","link":"https:\/\/diversityhub.pl\/en\/our-offer\/dei-training\/inclusive-recruitment\/","title":{"rendered":"Inclusive recruitment"},"content":{"rendered":"<p><div class=\"fusion-fullwidth fullwidth-box fusion-builder-row-1 fusion-flex-container has-pattern-background has-mask-background nonhundred-percent-fullwidth non-hundred-percent-height-scrolling\" style=\"--awb-border-radius-top-left:0px;--awb-border-radius-top-right:0px;--awb-border-radius-bottom-right:0px;--awb-border-radius-bottom-left:0px;--awb-padding-top:10vh;--awb-padding-bottom:5vh;--awb-background-color:var(--awb-color2);--awb-flex-wrap:wrap;\" ><div class=\"fusion-builder-row fusion-row fusion-flex-align-items-flex-start fusion-flex-content-wrap\" style=\"max-width:calc( 1200px + 0px );margin-left: calc(-0px \/ 2 );margin-right: calc(-0px \/ 2 );\"><div class=\"fusion-layout-column fusion_builder_column fusion-builder-column-0 fusion_builder_column_4_5 4_5 fusion-flex-column fusion-flex-align-self-stretch\" style=\"--awb-bg-size:cover;--awb-width-large:80%;--awb-margin-top-large:0px;--awb-spacing-right-large:0px;--awb-margin-bottom-large:0px;--awb-spacing-left-large:0px;--awb-width-medium:100%;--awb-order-medium:0;--awb-spacing-right-medium:0px;--awb-spacing-left-medium:0px;--awb-width-small:100%;--awb-order-small:0;--awb-spacing-right-small:0px;--awb-spacing-left-small:0px;\"><div class=\"fusion-column-wrapper fusion-column-has-shadow fusion-flex-justify-content-center fusion-content-layout-column\"><div class=\"fusion-text fusion-text-1 fusion-text-no-margin\" style=\"--awb-content-alignment:left;--awb-font-size:var(--awb-custom_typography_1-font-size);--awb-line-height:var(--awb-custom_typography_1-line-height);--awb-letter-spacing:var(--awb-custom_typography_1-letter-spacing);--awb-text-transform:var(--awb-custom_typography_1-text-transform);--awb-text-color:var(--awb-color4);--awb-margin-top:0px;--awb-margin-right:0px;--awb-margin-bottom:1rem;--awb-margin-left:0px;--awb-text-font-family:var(--awb-custom_typography_1-font-family);--awb-text-font-weight:var(--awb-custom_typography_1-font-weight);--awb-text-font-style:var(--awb-custom_typography_1-font-style);\"><p>Training<\/p>\n<\/div><div class=\"fusion-title title fusion-title-1 fusion-sep-none fusion-title-text fusion-title-size-one\" style=\"--awb-margin-top:0px;--awb-margin-bottom:1rem;--awb-margin-top-small:0px;--awb-margin-right-small:0px;--awb-margin-bottom-small:1rem;--awb-margin-left-small:0px;--awb-font-size:2.5rem;\"><h1 class=\"fusion-title-heading title-heading-left fusion-responsive-typography-calculated\" style=\"font-family:var(--awb-typography1-font-family);font-weight:var(--awb-typography1-font-weight);font-style:var(--awb-typography1-font-style);margin:0;letter-spacing:var(--awb-typography1-letter-spacing);text-transform:var(--awb-typography1-text-transform);font-size:1em;--fontSize:40;line-height:1.2;\">Inclusive recruitment<\/h1><\/div><div class=\"fusion-text fusion-text-2 fusion-text-no-margin\" style=\"--awb-font-size:1rem;--awb-line-height:var(--awb-typography5-line-height);--awb-letter-spacing:var(--awb-typography5-letter-spacing);--awb-text-transform:var(--awb-typography5-text-transform);--awb-margin-top:0px;--awb-margin-right:0px;--awb-margin-bottom:2rem;--awb-margin-left:0px;--awb-text-font-family:var(--awb-typography5-font-family);--awb-text-font-weight:var(--awb-typography5-font-weight);--awb-text-font-style:var(--awb-typography5-font-style);\"><p><span style=\"font-weight: 400;\">Inclusive recruitment is about ensuring that the vision of inclusion and equity is translated into tangible actions throughout the entire recruitment process and in every interaction with candidates. We support organizations in aligning their diversity, equity, and inclusion goals with recruitment processes, making them consistent, transparent, and accessible to all talent. Our approach to supporting organizations in building inclusive recruitment practices is holistic. We do not impose a one-size-fits-all solution but adapt to your needs, offering a pathway that best reflects the specific context of your organization. <\/span><\/p>\n<\/div><\/div><\/div><\/div><\/div><div id=\"inclusive-leadership\" class=\"fusion-container-anchor\"><div class=\"fusion-fullwidth fullwidth-box fusion-builder-row-2 fusion-flex-container has-pattern-background has-mask-background nonhundred-percent-fullwidth non-hundred-percent-height-scrolling\" style=\"--awb-border-radius-top-left:0px;--awb-border-radius-top-right:0px;--awb-border-radius-bottom-right:0px;--awb-border-radius-bottom-left:0px;--awb-padding-top:5vh;--awb-padding-bottom:5vh;--awb-padding-top-medium:10vh;--awb-background-color:var(--awb-color1);--awb-flex-wrap:wrap;\" ><div class=\"fusion-builder-row fusion-row fusion-flex-align-items-center fusion-flex-content-wrap\" style=\"max-width:calc( 1200px + 5vw );margin-left: calc(-5vw \/ 2 );margin-right: calc(-5vw \/ 2 );\"><div class=\"fusion-layout-column fusion_builder_column fusion-builder-column-1 fusion_builder_column_2_3 2_3 fusion-flex-column\" style=\"--awb-padding-top:2rem;--awb-padding-right:2rem;--awb-padding-bottom:2rem;--awb-padding-left:2rem;--awb-bg-color:var(--awb-color2);--awb-bg-color-hover:var(--awb-color2);--awb-bg-size:cover;--awb-width-large:66.666666666667%;--awb-margin-top-large:0px;--awb-spacing-right-large:2.5vw;--awb-margin-bottom-large:0px;--awb-spacing-left-large:2.5vw;--awb-width-medium:100%;--awb-order-medium:0;--awb-spacing-right-medium:2.5vw;--awb-spacing-left-medium:2.5vw;--awb-width-small:100%;--awb-order-small:0;--awb-spacing-right-small:2.5vw;--awb-spacing-left-small:2.5vw;\"><div class=\"fusion-column-wrapper fusion-column-has-shadow fusion-flex-justify-content-flex-start fusion-content-layout-column\"><div class=\"fusion-title title fusion-title-2 fusion-sep-none fusion-title-text fusion-title-size-three\" style=\"--awb-margin-top:0px;--awb-margin-bottom:.5rem;--awb-margin-top-small:0px;--awb-margin-right-small:0px;--awb-margin-bottom-small:10px;--awb-margin-left-small:0px;--awb-font-size:1.2rem;\"><h3 class=\"fusion-title-heading title-heading-left fusion-responsive-typography-calculated\" style=\"margin:0;font-size:1em;--fontSize:19.2;line-height:var(--awb-typography3-line-height);\">Here are some examples of training and webinar topics with descriptions:<\/h3><\/div><ul style=\"--awb-iconcolor:var(--awb-color4);--awb-line-height:27.2px;--awb-icon-width:27.2px;--awb-icon-height:27.2px;--awb-icon-margin:11.2px;--awb-content-margin:38.4px;\" class=\"fusion-checklist fusion-checklist-1 fusion-checklist-default type-icons\"><li class=\"fusion-li-item\" style=\"\"><span class=\"icon-wrapper circle-no\"><i class=\"fusion-li-icon fa-check-square far\" aria-hidden=\"true\"><\/i><\/span><div class=\"fusion-li-item-content\">\n<p><b>1. Design Fair and Inclusive Recruitment Processes: <\/b>This training demonstrates how to build recruitment processes that are transparent, equitable, and open to diversity. Participants will learn to analyze their own procedures, identify potential risks of discrimination, and implement changes that strengthen inclusivity at every stage of recruitment.<\/p>\n<\/div><\/li><li class=\"fusion-li-item\" style=\"\"><span class=\"icon-wrapper circle-no\"><i class=\"fusion-li-icon fa-check-square far\" aria-hidden=\"true\"><\/i><\/span><div class=\"fusion-li-item-content\">\n<p><b>2. Build Inclusive Communication in Recruitment: <\/b>This training shows how to craft written and verbal communication in a way that is accessible and welcoming to all. Participants will learn how to build trust, avoid exclusionary language, and create a recruitment experience that promotes inclusivity.<\/p>\n<\/div><\/li><li class=\"fusion-li-item\" style=\"\"><span class=\"icon-wrapper circle-no\"><i class=\"fusion-li-icon fa-check-square far\" aria-hidden=\"true\"><\/i><\/span><div class=\"fusion-li-item-content\">\n<p><b>3. Consciously Reduce Unconscious Bias: <\/b>Participants will explore the mechanisms behind the formation of biases and their impact on recruitment processes. The training provides tools to recognize them, minimize their influence on decision-making, and apply more objective criteria in evaluating candidates.<\/p>\n<\/div><\/li><li class=\"fusion-li-item\" style=\"\"><span class=\"icon-wrapper circle-no\"><i class=\"fusion-li-icon fa-check-square far\" aria-hidden=\"true\"><\/i><\/span><div class=\"fusion-li-item-content\">\n<p><b>4. Create Inclusive Job Advertisements: <\/b>This training teaches how to write clear, inclusive, and engaging job postings that attract diverse groups of candidates. It covers the choice of language, the structure of the job ad, and methods to highlight key information effectively.<\/p>\n<\/div><\/li><li class=\"fusion-li-item\" style=\"\"><span class=\"icon-wrapper circle-no\"><i class=\"fusion-li-icon fa-check-square far\" aria-hidden=\"true\"><\/i><\/span><div class=\"fusion-li-item-content\">\n<p><b>5. Ensure Accessibility of Recruitment Processes:<\/b> Participants will learn how to minimize technical, linguistic, and organizational barriers within recruitment processes. The training includes practical guidance on adapting tools and procedures so that every candidate has equal opportunities throughout recruitment.<\/p>\n<\/div><\/li><\/ul><div style=\"text-align:center;\"><a class=\"fusion-button button-flat fusion-button-default-size button-default fusion-button-default button-1 fusion-button-span-yes fusion-button-default-type\" style=\"--awb-margin-top:2rem;--awb-margin-right:0px;--awb-margin-bottom:0px;--awb-margin-left:0px;\" target=\"_self\" href=\"https:\/\/diversityhub.pl\/en\/free-dei-consultation\/\"><span class=\"fusion-button-text awb-button__text awb-button__text--default\">Discover the full offer. Let&#8217;s talk<\/span><\/a><\/div><\/div><\/div><div class=\"fusion-layout-column fusion_builder_column fusion-builder-column-2 fusion_builder_column_1_5 1_5 fusion-flex-column fusion-flex-align-self-flex-start\" style=\"--awb-bg-size:cover;--awb-width-large:20%;--awb-margin-top-large:0px;--awb-spacing-right-large:0px;--awb-margin-bottom-large:0px;--awb-spacing-left-large:0px;--awb-width-medium:100%;--awb-order-medium:0;--awb-spacing-right-medium:0px;--awb-margin-bottom-medium:3rem;--awb-spacing-left-medium:0px;--awb-width-small:100%;--awb-order-small:0;--awb-spacing-right-small:2.5vw;--awb-margin-bottom-small:5vh;--awb-spacing-left-small:2.5vw;\"><div class=\"fusion-column-wrapper fusion-column-has-shadow fusion-flex-justify-content-flex-start fusion-content-layout-column\"><div style=\"text-align:center;\"><a class=\"fusion-button button-flat fusion-button-default-size button-default fusion-button-default button-2 fusion-button-default-span fusion-button-default-type\" target=\"_self\" href=\"https:\/\/diversityhub.pl\/en\/from-vision-to-practice-how-to-implement-inclusive-recruitment-in-your-organization\/\"><span class=\"fusion-button-text awb-button__text awb-button__text--default\">See how we support inclusive recruitment<\/span><\/a><\/div><\/div><\/div><\/div><\/div><\/div><div class=\"fusion-fullwidth fullwidth-box fusion-builder-row-3 fusion-flex-container has-pattern-background has-mask-background nonhundred-percent-fullwidth non-hundred-percent-height-scrolling fusion-custom-z-index\" style=\"--awb-border-radius-top-left:0px;--awb-border-radius-top-right:0px;--awb-border-radius-bottom-right:0px;--awb-border-radius-bottom-left:0px;--awb-z-index:5;--awb-padding-top:10vh;--awb-padding-bottom:10vh;--awb-background-color:var(--awb-color2);--awb-flex-wrap:wrap;\" ><div class=\"fusion-builder-row fusion-row fusion-flex-align-items-flex-start fusion-flex-justify-content-center fusion-flex-content-wrap\" style=\"max-width:calc( 1200px + 1.5rem );margin-left: calc(-1.5rem \/ 2 );margin-right: calc(-1.5rem \/ 2 );\"><div class=\"fusion-layout-column fusion_builder_column fusion-builder-column-3 fusion_builder_column_1_1 1_1 fusion-flex-column\" style=\"--awb-padding-top:4rem;--awb-padding-right:4rem;--awb-padding-bottom:4rem;--awb-padding-left:4rem;--awb-bg-color:var(--awb-color5);--awb-bg-color-hover:var(--awb-color5);--awb-bg-size:cover;--awb-width-large:100%;--awb-margin-top-large:0px;--awb-spacing-right-large:0.75rem;--awb-margin-bottom-large:0px;--awb-spacing-left-large:0.75rem;--awb-width-medium:100%;--awb-order-medium:0;--awb-spacing-right-medium:0.75rem;--awb-spacing-left-medium:0.75rem;--awb-width-small:100%;--awb-order-small:0;--awb-spacing-right-small:0.75rem;--awb-spacing-left-small:0.75rem;\"><div class=\"fusion-column-wrapper fusion-column-has-shadow fusion-flex-justify-content-flex-start fusion-content-layout-column\"><div class=\"fusion-title title fusion-title-3 fusion-sep-none fusion-title-center fusion-title-text fusion-title-size-div\" style=\"--awb-text-color:var(--awb-color1);--awb-margin-top:0px;--awb-margin-top-small:10px;--awb-margin-right-small:0px;--awb-margin-bottom-small:10px;--awb-margin-left-small:0px;--awb-font-size:var(--awb-typography2-font-size);\"><div class=\"fusion-title-heading title-heading-center title-heading-tag fusion-responsive-typography-calculated\" style=\"font-family:var(--awb-typography2-font-family);font-weight:var(--awb-typography2-font-weight);font-style:var(--awb-typography2-font-style);margin:0;letter-spacing:var(--awb-typography2-letter-spacing);text-transform:var(--awb-typography2-text-transform);font-size:1em;--fontSize:32;line-height:var(--awb-typography2-line-height);\">Don\u2019t know which training to start with? No worries!<\/div><\/div><div class=\"fusion-text fusion-text-3 fusion-text-no-margin\" style=\"--awb-content-alignment:center;--awb-font-size:var(--awb-typography4-font-size);--awb-line-height:var(--awb-typography4-line-height);--awb-letter-spacing:var(--awb-typography4-letter-spacing);--awb-text-transform:var(--awb-typography4-text-transform);--awb-text-color:var(--awb-color1);--awb-margin-top:0px;--awb-margin-right:0px;--awb-margin-bottom:1.5rem;--awb-margin-left:0px;--awb-text-font-family:var(--awb-typography4-font-family);--awb-text-font-weight:var(--awb-typography4-font-weight);--awb-text-font-style:var(--awb-typography4-font-style);\"><p>Schedule an expert consultation, and we will suggest the best direction for you.<\/p>\n<\/div><div style=\"text-align:center;\"><a class=\"fusion-button button-flat fusion-button-default-size button-custom fusion-button-default button-3 fusion-button-default-span fusion-button-default-type\" style=\"--button_accent_color:var(--awb-color1);--button_accent_hover_color:var(--awb-color1);--button_border_hover_color:hsla(var(--awb-color4-h),var(--awb-color4-s),calc(var(--awb-color4-l) - 10%),var(--awb-color4-a));--button_gradient_top_color:var(--awb-color4);--button_gradient_bottom_color:var(--awb-color4);--button_gradient_top_color_hover:hsla(var(--awb-color4-h),calc(var(--awb-color4-s) - 5%),calc(var(--awb-color4-l) - 10%),var(--awb-color4-a));--button_gradient_bottom_color_hover:hsla(var(--awb-color4-h),calc(var(--awb-color4-s) - 5%),calc(var(--awb-color4-l) - 10%),var(--awb-color4-a));\" target=\"_self\" data-hover=\"icon_slide\" href=\"https:\/\/diversityhub.pl\/en\/free-dei-consultation\/\"><span class=\"fusion-button-text awb-button__text awb-button__text--default\">Schedule a free consultation<\/span><i class=\"fa-arrow-right fas awb-button__icon awb-button__icon--default button-icon-right\" aria-hidden=\"true\"><\/i><\/a><\/div><\/div><\/div><\/div><\/div><\/p>\n","protected":false},"excerpt":{"rendered":"","protected":false},"author":11,"featured_media":0,"parent":8380,"menu_order":0,"comment_status":"closed","ping_status":"closed","template":"100-width.php","meta":{"_acf_changed":false,"footnotes":""},"class_list":["post-11446","page","type-page","status-publish","hentry"],"acf":[],"yoast_head":"<!-- This site is optimized with the Yoast SEO plugin v27.4 - https:\/\/yoast.com\/product\/yoast-seo-wordpress\/ -->\n<title>Inclusive recruitment - Diversity Hub<\/title>\n<meta name=\"robots\" content=\"index, follow, max-snippet:-1, max-image-preview:large, max-video-preview:-1\" \/>\n<link rel=\"canonical\" href=\"https:\/\/diversityhub.pl\/en\/our-offer\/dei-training\/inclusive-recruitment\/\" \/>\n<meta property=\"og:locale\" content=\"en_US\" \/>\n<meta property=\"og:type\" content=\"article\" \/>\n<meta property=\"og:title\" content=\"Inclusive recruitment - Diversity Hub\" \/>\n<meta property=\"og:url\" content=\"https:\/\/diversityhub.pl\/en\/our-offer\/dei-training\/inclusive-recruitment\/\" \/>\n<meta property=\"og:site_name\" content=\"Diversity Hub\" \/>\n<meta property=\"article:publisher\" content=\"https:\/\/www.facebook.com\/diversityhubpl\" \/>\n<meta property=\"article:modified_time\" content=\"2025-10-09T10:14:24+00:00\" \/>\n<meta property=\"og:image\" content=\"https:\/\/diversityhub.pl\/wp-content\/uploads\/2024\/06\/diversity-hub-logo-1200x675-1.jpg\" \/>\n\t<meta property=\"og:image:width\" content=\"1200\" \/>\n\t<meta property=\"og:image:height\" content=\"675\" \/>\n\t<meta property=\"og:image:type\" content=\"image\/jpeg\" \/>\n<meta name=\"twitter:card\" content=\"summary_large_image\" \/>\n<meta name=\"twitter:site\" content=\"@diversityhub_pl\" \/>\n<meta name=\"twitter:label1\" content=\"Est. reading time\" \/>\n\t<meta name=\"twitter:data1\" content=\"3 minutes\" \/>\n<script type=\"application\/ld+json\" class=\"yoast-schema-graph\">{\"@context\":\"https:\\\/\\\/schema.org\",\"@graph\":[{\"@type\":\"WebPage\",\"@id\":\"https:\\\/\\\/diversityhub.pl\\\/en\\\/our-offer\\\/dei-training\\\/inclusive-recruitment\\\/\",\"url\":\"https:\\\/\\\/diversityhub.pl\\\/en\\\/our-offer\\\/dei-training\\\/inclusive-recruitment\\\/\",\"name\":\"Inclusive recruitment - Diversity Hub\",\"isPartOf\":{\"@id\":\"https:\\\/\\\/diversityhub.pl\\\/en\\\/#website\"},\"datePublished\":\"2025-10-08T10:32:11+00:00\",\"dateModified\":\"2025-10-09T10:14:24+00:00\",\"breadcrumb\":{\"@id\":\"https:\\\/\\\/diversityhub.pl\\\/en\\\/our-offer\\\/dei-training\\\/inclusive-recruitment\\\/#breadcrumb\"},\"inLanguage\":\"en-US\",\"potentialAction\":[{\"@type\":\"ReadAction\",\"target\":[\"https:\\\/\\\/diversityhub.pl\\\/en\\\/our-offer\\\/dei-training\\\/inclusive-recruitment\\\/\"]}]},{\"@type\":\"BreadcrumbList\",\"@id\":\"https:\\\/\\\/diversityhub.pl\\\/en\\\/our-offer\\\/dei-training\\\/inclusive-recruitment\\\/#breadcrumb\",\"itemListElement\":[{\"@type\":\"ListItem\",\"position\":1,\"name\":\"Strona g\u0142\u00f3wna\",\"item\":\"https:\\\/\\\/diversityhub.pl\\\/en\\\/home-page\\\/\"},{\"@type\":\"ListItem\",\"position\":2,\"name\":\"Our Offer\",\"item\":\"https:\\\/\\\/diversityhub.pl\\\/en\\\/our-offer\\\/\"},{\"@type\":\"ListItem\",\"position\":3,\"name\":\"DEI Trainings\",\"item\":\"https:\\\/\\\/diversityhub.pl\\\/en\\\/our-offer\\\/dei-training\\\/\"},{\"@type\":\"ListItem\",\"position\":4,\"name\":\"Inclusive recruitment\"}]},{\"@type\":\"WebSite\",\"@id\":\"https:\\\/\\\/diversityhub.pl\\\/en\\\/#website\",\"url\":\"https:\\\/\\\/diversityhub.pl\\\/en\\\/\",\"name\":\"Diversity Hub\",\"description\":\"Poprzez r\u00f3\u017cnorodno\u015b\u0107 zmieniamy biznes na lepsze\",\"publisher\":{\"@id\":\"https:\\\/\\\/diversityhub.pl\\\/en\\\/#organization\"},\"alternateName\":\"Diversity Hub\",\"potentialAction\":[{\"@type\":\"SearchAction\",\"target\":{\"@type\":\"EntryPoint\",\"urlTemplate\":\"https:\\\/\\\/diversityhub.pl\\\/en\\\/?s={search_term_string}\"},\"query-input\":{\"@type\":\"PropertyValueSpecification\",\"valueRequired\":true,\"valueName\":\"search_term_string\"}}],\"inLanguage\":\"en-US\"},{\"@type\":\"Organization\",\"@id\":\"https:\\\/\\\/diversityhub.pl\\\/en\\\/#organization\",\"name\":\"Diversity Hub\",\"url\":\"https:\\\/\\\/diversityhub.pl\\\/en\\\/\",\"logo\":{\"@type\":\"ImageObject\",\"inLanguage\":\"en-US\",\"@id\":\"https:\\\/\\\/diversityhub.pl\\\/en\\\/#\\\/schema\\\/logo\\\/image\\\/\",\"url\":\"https:\\\/\\\/diversityhub.pl\\\/wp-content\\\/uploads\\\/2024\\\/06\\\/DIVERSITY_HUB_DIVERSITY_MATTERS_2023_LOGO.jpg\",\"contentUrl\":\"https:\\\/\\\/diversityhub.pl\\\/wp-content\\\/uploads\\\/2024\\\/06\\\/DIVERSITY_HUB_DIVERSITY_MATTERS_2023_LOGO.jpg\",\"width\":1080,\"height\":1080,\"caption\":\"Diversity Hub\"},\"image\":{\"@id\":\"https:\\\/\\\/diversityhub.pl\\\/en\\\/#\\\/schema\\\/logo\\\/image\\\/\"},\"sameAs\":[\"https:\\\/\\\/www.facebook.com\\\/diversityhubpl\",\"https:\\\/\\\/x.com\\\/diversityhub_pl\",\"https:\\\/\\\/www.youtube.com\\\/@diversityhubpl\",\"https:\\\/\\\/www.linkedin.com\\\/company\\\/think-tank-diversity-hub\\\/\",\"https:\\\/\\\/www.instagram.com\\\/diversityhubpl\\\/\"]}]}<\/script>\n<!-- \/ Yoast SEO plugin. -->","yoast_head_json":{"title":"Inclusive recruitment - Diversity Hub","robots":{"index":"index","follow":"follow","max-snippet":"max-snippet:-1","max-image-preview":"max-image-preview:large","max-video-preview":"max-video-preview:-1"},"canonical":"https:\/\/diversityhub.pl\/en\/our-offer\/dei-training\/inclusive-recruitment\/","og_locale":"en_US","og_type":"article","og_title":"Inclusive recruitment - Diversity Hub","og_url":"https:\/\/diversityhub.pl\/en\/our-offer\/dei-training\/inclusive-recruitment\/","og_site_name":"Diversity Hub","article_publisher":"https:\/\/www.facebook.com\/diversityhubpl","article_modified_time":"2025-10-09T10:14:24+00:00","og_image":[{"width":1200,"height":675,"url":"https:\/\/diversityhub.pl\/wp-content\/uploads\/2024\/06\/diversity-hub-logo-1200x675-1.jpg","type":"image\/jpeg"}],"twitter_card":"summary_large_image","twitter_site":"@diversityhub_pl","twitter_misc":{"Est. reading time":"3 minutes"},"schema":{"@context":"https:\/\/schema.org","@graph":[{"@type":"WebPage","@id":"https:\/\/diversityhub.pl\/en\/our-offer\/dei-training\/inclusive-recruitment\/","url":"https:\/\/diversityhub.pl\/en\/our-offer\/dei-training\/inclusive-recruitment\/","name":"Inclusive recruitment - Diversity Hub","isPartOf":{"@id":"https:\/\/diversityhub.pl\/en\/#website"},"datePublished":"2025-10-08T10:32:11+00:00","dateModified":"2025-10-09T10:14:24+00:00","breadcrumb":{"@id":"https:\/\/diversityhub.pl\/en\/our-offer\/dei-training\/inclusive-recruitment\/#breadcrumb"},"inLanguage":"en-US","potentialAction":[{"@type":"ReadAction","target":["https:\/\/diversityhub.pl\/en\/our-offer\/dei-training\/inclusive-recruitment\/"]}]},{"@type":"BreadcrumbList","@id":"https:\/\/diversityhub.pl\/en\/our-offer\/dei-training\/inclusive-recruitment\/#breadcrumb","itemListElement":[{"@type":"ListItem","position":1,"name":"Strona g\u0142\u00f3wna","item":"https:\/\/diversityhub.pl\/en\/home-page\/"},{"@type":"ListItem","position":2,"name":"Our Offer","item":"https:\/\/diversityhub.pl\/en\/our-offer\/"},{"@type":"ListItem","position":3,"name":"DEI Trainings","item":"https:\/\/diversityhub.pl\/en\/our-offer\/dei-training\/"},{"@type":"ListItem","position":4,"name":"Inclusive recruitment"}]},{"@type":"WebSite","@id":"https:\/\/diversityhub.pl\/en\/#website","url":"https:\/\/diversityhub.pl\/en\/","name":"Diversity Hub","description":"Poprzez r\u00f3\u017cnorodno\u015b\u0107 zmieniamy biznes na lepsze","publisher":{"@id":"https:\/\/diversityhub.pl\/en\/#organization"},"alternateName":"Diversity Hub","potentialAction":[{"@type":"SearchAction","target":{"@type":"EntryPoint","urlTemplate":"https:\/\/diversityhub.pl\/en\/?s={search_term_string}"},"query-input":{"@type":"PropertyValueSpecification","valueRequired":true,"valueName":"search_term_string"}}],"inLanguage":"en-US"},{"@type":"Organization","@id":"https:\/\/diversityhub.pl\/en\/#organization","name":"Diversity Hub","url":"https:\/\/diversityhub.pl\/en\/","logo":{"@type":"ImageObject","inLanguage":"en-US","@id":"https:\/\/diversityhub.pl\/en\/#\/schema\/logo\/image\/","url":"https:\/\/diversityhub.pl\/wp-content\/uploads\/2024\/06\/DIVERSITY_HUB_DIVERSITY_MATTERS_2023_LOGO.jpg","contentUrl":"https:\/\/diversityhub.pl\/wp-content\/uploads\/2024\/06\/DIVERSITY_HUB_DIVERSITY_MATTERS_2023_LOGO.jpg","width":1080,"height":1080,"caption":"Diversity Hub"},"image":{"@id":"https:\/\/diversityhub.pl\/en\/#\/schema\/logo\/image\/"},"sameAs":["https:\/\/www.facebook.com\/diversityhubpl","https:\/\/x.com\/diversityhub_pl","https:\/\/www.youtube.com\/@diversityhubpl","https:\/\/www.linkedin.com\/company\/think-tank-diversity-hub\/","https:\/\/www.instagram.com\/diversityhubpl\/"]}]}},"_links":{"self":[{"href":"https:\/\/diversityhub.pl\/en\/wp-json\/wp\/v2\/pages\/11446","targetHints":{"allow":["GET"]}}],"collection":[{"href":"https:\/\/diversityhub.pl\/en\/wp-json\/wp\/v2\/pages"}],"about":[{"href":"https:\/\/diversityhub.pl\/en\/wp-json\/wp\/v2\/types\/page"}],"author":[{"embeddable":true,"href":"https:\/\/diversityhub.pl\/en\/wp-json\/wp\/v2\/users\/11"}],"replies":[{"embeddable":true,"href":"https:\/\/diversityhub.pl\/en\/wp-json\/wp\/v2\/comments?post=11446"}],"version-history":[{"count":3,"href":"https:\/\/diversityhub.pl\/en\/wp-json\/wp\/v2\/pages\/11446\/revisions"}],"predecessor-version":[{"id":11512,"href":"https:\/\/diversityhub.pl\/en\/wp-json\/wp\/v2\/pages\/11446\/revisions\/11512"}],"up":[{"embeddable":true,"href":"https:\/\/diversityhub.pl\/en\/wp-json\/wp\/v2\/pages\/8380"}],"wp:attachment":[{"href":"https:\/\/diversityhub.pl\/en\/wp-json\/wp\/v2\/media?parent=11446"}],"curies":[{"name":"wp","href":"https:\/\/api.w.org\/{rel}","templated":true}]}}